{"id":135,"date":"2024-02-29T02:10:21","date_gmt":"2024-02-29T02:10:21","guid":{"rendered":"https:\/\/xn--jgise-dua.ee\/?page_id=135"},"modified":"2024-05-27T02:31:18","modified_gmt":"2024-05-27T02:31:18","slug":"2-kodutoo","status":"publish","type":"page","link":"https:\/\/xn--jgise-dua.ee\/?page_id=135","title":{"rendered":"2. kodut\u00f6\u00f6 \/ \u00d5igusaktide anal\u00fc\u00fcs."},"content":{"rendered":"","protected":true},"excerpt":{"rendered":"","protected":true},"author":1,"featured_media":0,"parent":0,"menu_order":0,"comment_status":"open","ping_status":"closed","template":"","meta":{"footnotes":""},"class_list":["post-135","page","type-page","status-publish","post-password-required","hentry"],"_links":{"self":[{"href":"https:\/\/xn--jgise-dua.ee\/index.php?rest_route=\/wp\/v2\/pages\/135","targetHints":{"allow":["GET"]}}],"collection":[{"href":"https:\/\/xn--jgise-dua.ee\/index.php?rest_route=\/wp\/v2\/pages"}],"about":[{"href":"https:\/\/xn--jgise-dua.ee\/index.php?rest_route=\/wp\/v2\/types\/page"}],"author":[{"embeddable":true,"href":"https:\/\/xn--jgise-dua.ee\/index.php?rest_route=\/wp\/v2\/users\/1"}],"replies":[{"embeddable":true,"href":"https:\/\/xn--jgise-dua.ee\/index.php?rest_route=%2Fwp%2Fv2%2Fcomments&post=135"}],"version-history":[{"count":57,"href":"https:\/\/xn--jgise-dua.ee\/index.php?rest_route=\/wp\/v2\/pages\/135\/revisions"}],"predecessor-version":[{"id":628,"href":"https:\/\/xn--jgise-dua.ee\/index.php?rest_route=\/wp\/v2\/pages\/135\/revisions\/628"}],"wp:attachment":[{"href":"https:\/\/xn--jgise-dua.ee\/index.php?rest_route=%2Fwp%2Fv2%2Fmedia&parent=135"}],"curies":[{"name":"wp","href":"https:\/\/api.w.org\/{rel}","templated":true}]}}